{"id":1849,"date":"2019-07-07T23:50:28","date_gmt":"2019-07-07T21:50:28","guid":{"rendered":"http:\/\/lifescience-factory.com\/dev\/wp\/?page_id=1849"},"modified":"2019-07-08T00:00:18","modified_gmt":"2019-07-07T22:00:18","slug":"einwilligung-zum-erhalt-von-marketinginformationen","status":"publish","type":"page","link":"https:\/\/preview.lifescience-factory.com\/de\/einwilligung-zum-erhalt-von-marketinginformationen\/","title":{"rendered":"Einwilligung zum Erhalt von Marketinginformationen"},"content":{"rendered":"\n<div class=\"module-intro-background\">\n  <svg enable-background=\"new 0 0 2000 1950\" viewBox=\"0 0 2000 1950\" xmlns=\"http:\/\/www.w3.org\/2000\/svg\" class=\"grid-svg\">\n    <style type=\"text\/css\">\n      .st0 {\n        fill: none;\n        stroke: #E6007E;\n      }\n\n      .st1 {\n        fill: none;\n        stroke: #E6007E;\n      }\n\n      .st2 {\n        fill: none;\n        stroke: #E6007E;\n      }\n    <\/style>\n    <g>\n      <line id=\"line-39\" class=\"st0\" x1=\"1900\" y1=\"-0.0000067\" x2=\"1900\" y2=\"1950\"><\/line>\n      <line id=\"line-38\" class=\"st0\" x1=\"1950\" y1=\"-0.0000067\" x2=\"1950\" y2=\"1950\"><\/line>\n      <line id=\"line-37\" class=\"st0\" x1=\"1850\" y1=\"-0.0000067\" x2=\"1850\" y2=\"1950\"><\/line>\n      <line id=\"line-36\" class=\"st0\" x1=\"1800\" y1=\"-0.0000067\" x2=\"1800\" y2=\"1950\"><\/line>\n      <line id=\"line-35\" class=\"st0\" x1=\"1750\" y1=\"-0.0000067\" x2=\"1750\" y2=\"1950\"><\/line>\n      <line id=\"line-34\" class=\"st0\" x1=\"1700\" y1=\"-0.0000067\" x2=\"1700\" y2=\"1950\"><\/line>\n      <line id=\"line-33\" class=\"st0\" x1=\"1650\" y1=\"-0.0000067\" x2=\"1650\" y2=\"1950\"><\/line>\n      <line id=\"line-32\" class=\"st0\" x1=\"1600\" y1=\"-0.0000067\" x2=\"1600\" y2=\"1950\"><\/line>\n      <line id=\"line-31\" class=\"st0\" x1=\"1550\" y1=\"-0.0000067\" x2=\"1550\" y2=\"1950\"><\/line>\n      <line id=\"line-30\" class=\"st0\" x1=\"1500\" y1=\"-0.0000067\" x2=\"1500\" y2=\"1950\"><\/line>\n      <line id=\"line-29\" class=\"st0\" x1=\"1450\" y1=\"-0.0000067\" x2=\"1450\" y2=\"1950\"><\/line>\n      <line id=\"line-28\" class=\"st0\" x1=\"1400\" y1=\"-0.0000067\" x2=\"1400\" y2=\"1950\"><\/line>\n      <line id=\"line-27\" class=\"st0\" x1=\"1350\" y1=\"-0.0000067\" x2=\"1350\" y2=\"1950\"><\/line>\n      <line id=\"line-26\" class=\"st0\" x1=\"1300\" y1=\"-0.0000067\" x2=\"1300\" y2=\"1950\"><\/line>\n      <line id=\"line-25\" class=\"st0\" x1=\"1250\" y1=\"-0.0000067\" x2=\"1250\" y2=\"1950\"><\/line>\n      <line id=\"line-24\" class=\"st0\" x1=\"1200\" y1=\"-0.0000067\" x2=\"1200\" y2=\"1950\"><\/line>\n      <line id=\"line-23\" class=\"st0\" x1=\"1150\" y1=\"-0.0000067\" x2=\"1150\" y2=\"1950\"><\/line>\n      <line id=\"line-22\" class=\"st0\" x1=\"1100\" y1=\"-0.0000067\" x2=\"1100\" y2=\"1950\"><\/line>\n      <line id=\"line-21\" class=\"st0\" x1=\"1050\" y1=\"-0.0000067\" x2=\"1050\" y2=\"1950\"><\/line>\n      <line id=\"line-20\" class=\"st0\" x1=\"1000\" y1=\"-0.0000067\" x2=\"1000\" y2=\"1950\"><\/line>\n      <line id=\"line-19\" class=\"st0\" x1=\"950\" y1=\"-0.0000067\" x2=\"950\" y2=\"1950\"><\/line>\n      <line id=\"line-18\" class=\"st0\" x1=\"900\" y1=\"-0.0000067\" x2=\"900\" y2=\"1950\"><\/line>\n      <line id=\"line-17\" class=\"st0\" x1=\"850\" y1=\"-0.0000067\" x2=\"850\" y2=\"1950\"><\/line>\n      <line id=\"line-16\" class=\"st0\" x1=\"800\" y1=\"-0.0000067\" x2=\"800\" y2=\"1950\"><\/line>\n      <line id=\"line-15\" class=\"st0\" x1=\"750\" y1=\"-0.0000067\" x2=\"750\" y2=\"1950\"><\/line>\n      <line id=\"line-14\" class=\"st0\" x1=\"700\" y1=\"-0.0000067\" x2=\"700\" y2=\"1950\"><\/line>\n      <line id=\"line-13\" class=\"st0\" x1=\"650\" y1=\"-0.0000067\" x2=\"650\" y2=\"1950\"><\/line>\n      <line id=\"line-12\" class=\"st0\" x1=\"600\" y1=\"-0.0000067\" x2=\"600\" y2=\"1950\"><\/line>\n      <line id=\"line-11\" class=\"st0\" x1=\"550\" y1=\"-0.0000067\" x2=\"550\" y2=\"1950\"><\/line>\n      <line id=\"line-10\" class=\"st0\" x1=\"500\" y1=\"-0.0000067\" x2=\"500\" y2=\"1950\"><\/line>\n      <line id=\"line-09\" class=\"st0\" x1=\"450\" y1=\"-0.0000067\" x2=\"450\" y2=\"1950\"><\/line>\n      <line id=\"line-08\" class=\"st0\" x1=\"400\" y1=\"28.899992\" x2=\"400\" y2=\"1950\"><\/line>\n      <line id=\"line-07\" class=\"st0\" x1=\"350\" y1=\"57.6999931\" x2=\"350\" y2=\"1950\"><\/line>\n      <line id=\"line-06\" class=\"st0\" x1=\"300\" y1=\"86.5999908\" x2=\"300\" y2=\"1950\"><\/line>\n      <line id=\"line-05\" class=\"st0\" x1=\"250\" y1=\"115.4999924\" x2=\"250\" y2=\"1950\"><\/line>\n      <line id=\"line-04\" class=\"st0\" x1=\"200\" y1=\"144.3000031\" x2=\"200\" y2=\"1950\"><\/line>\n      <line id=\"line-03\" class=\"st0\" x1=\"150\" y1=\"173.1999969\" x2=\"150\" y2=\"1950\"><\/line>\n      <line id=\"line-02\" class=\"st0\" x1=\"100\" y1=\"202.1000061\" x2=\"100\" y2=\"1950\"><\/line>\n      <line id=\"line-01\" class=\"st0\" x1=\"50\" y1=\"230.8999939\" x2=\"50\" y2=\"1950\"><\/line>\n    <\/g>\n    <g class=\"st1\">\n      <line class=\"st2\" x1=\"0\" y1=\"1818.6999512\" x2=\"2000\" y2=\"664\"><\/line>\n      <line class=\"st2\" x1=\"0\" y1=\"1760.9000244\" x2=\"2000\" y2=\"606.2000122\"><\/line>\n      <line class=\"st2\" x1=\"0\" y1=\"1703.1999512\" x2=\"2000\" y2=\"548.5\"><\/line>\n      <line class=\"st2\" x1=\"0\" y1=\"1645.5\" x2=\"2000\" y2=\"490.7000122\"><\/line>\n      <line class=\"st2\" x1=\"0\" y1=\"1587.6999512\" x2=\"2000\" y2=\"433\"><\/line>\n      <line class=\"st2\" x1=\"0\" y1=\"1530\" x2=\"2000\" y2=\"375.2999878\"><\/line>\n      <line class=\"st2\" x1=\"0\" y1=\"1472.3000488\" x2=\"2000\" y2=\"317.5\"><\/line>\n      <line class=\"st2\" x1=\"0\" y1=\"1414.5\" x2=\"2000\" y2=\"259.7999878\"><\/line>\n      <line class=\"st2\" x1=\"572.5\" y1=\"1950\" x2=\"2000\" y2=\"1125.8000488\"><\/line>\n      <line class=\"st2\" x1=\"472.5\" y1=\"1950\" x2=\"2000\" y2=\"1068.0999756\"><\/line>\n      <line class=\"st2\" x1=\"372.5\" y1=\"1950\" x2=\"2000\" y2=\"1010.4000244\"><\/line>\n      <line class=\"st2\" x1=\"272.5\" y1=\"1950\" x2=\"2000\" y2=\"952.5999756\"><\/line>\n      <line class=\"st2\" x1=\"172.5\" y1=\"1950\" x2=\"2000\" y2=\"894.9000244\"><\/line>\n      <line class=\"st2\" x1=\"72.5\" y1=\"1950\" x2=\"2000\" y2=\"837.2000122\"><\/line>\n      <line class=\"st2\" x1=\"0\" y1=\"1934.0999756\" x2=\"2000\" y2=\"779.4000244\"><\/line>\n      <line class=\"st2\" x1=\"0\" y1=\"1876.4000244\" x2=\"2000\" y2=\"721.7000122\"><\/line>\n      <line class=\"st2\" x1=\"1372.5\" y1=\"1950\" x2=\"2000\" y2=\"1587.6999512\"><\/line>\n      <line class=\"st2\" x1=\"1272.5\" y1=\"1950\" x2=\"2000\" y2=\"1530\"><\/line>\n      <line class=\"st2\" x1=\"1172.5\" y1=\"1950\" x2=\"2000\" y2=\"1472.1999512\"><\/line>\n      <line class=\"st2\" x1=\"1072.5\" y1=\"1950\" x2=\"2000\" y2=\"1414.5\"><\/line>\n      <line class=\"st2\" x1=\"972.5\" y1=\"1950\" x2=\"2000\" y2=\"1356.8000488\"><\/line>\n      <line class=\"st2\" x1=\"872.5\" y1=\"1950\" x2=\"2000\" y2=\"1299\"><\/line>\n      <line class=\"st2\" x1=\"772.5\" y1=\"1950\" x2=\"2000\" y2=\"1241.3000488\"><\/line>\n      <line class=\"st2\" x1=\"672.5\" y1=\"1950\" x2=\"2000\" y2=\"1183.5999756\"><\/line>\n      <line class=\"st2\" x1=\"2000\" y1=\"1876.4000244\" x2=\"1872.5\" y2=\"1950\"><\/line>\n      <line class=\"st2\" x1=\"1772.5\" y1=\"1950\" x2=\"2000\" y2=\"1818.6999512\"><\/line>\n      <line class=\"st2\" x1=\"1672.5\" y1=\"1950\" x2=\"2000\" y2=\"1760.9000244\"><\/line>\n      <line class=\"st2\" x1=\"1572.5\" y1=\"1950\" x2=\"2000\" y2=\"1703.1999512\"><\/line>\n      <line class=\"st2\" x1=\"1472.5\" y1=\"1950\" x2=\"2000\" y2=\"1645.5\"><\/line>\n      <line class=\"st2\" x1=\"0\" y1=\"490.7999878\" x2=\"850\" y2=\"-0.0000067\"><\/line>\n      <line class=\"st2\" x1=\"0\" y1=\"433\" x2=\"750\" y2=\"-0.0000067\"><\/line>\n      <line class=\"st2\" x1=\"0\" y1=\"375.2999878\" x2=\"650\" y2=\"-0.0000067\"><\/line>\n      <line class=\"st2\" x1=\"0\" y1=\"317.5\" x2=\"550\" y2=\"-0.0000067\"><\/line>\n      <line class=\"st2\" x1=\"0\" y1=\"259.7999878\" x2=\"450\" y2=\"-0.0000067\"><\/line>\n      <line class=\"st2\" x1=\"0\" y1=\"952.5999756\" x2=\"1650\" y2=\"-0.0000067\"><\/line>\n      <line class=\"st2\" x1=\"0\" y1=\"894.9000244\" x2=\"1550\" y2=\"-0.0000067\"><\/line>\n      <line class=\"st2\" x1=\"0\" y1=\"837.2000122\" x2=\"1450\" y2=\"-0.0000067\"><\/line>\n      <line class=\"st2\" x1=\"0\" y1=\"779.4000244\" x2=\"1350\" y2=\"-0.0000067\"><\/line>\n      <line class=\"st2\" x1=\"0\" y1=\"721.7000122\" x2=\"1250\" y2=\"-0.0000067\"><\/line>\n      <line class=\"st2\" x1=\"0\" y1=\"664\" x2=\"1150\" y2=\"-0.0000067\"><\/line>\n      <line class=\"st2\" x1=\"0\" y1=\"606.2000122\" x2=\"1050\" y2=\"-0.0000067\"><\/line>\n      <line class=\"st2\" x1=\"0\" y1=\"548.5\" x2=\"950\" y2=\"-0.0000067\"><\/line>\n      <line class=\"st2\" x1=\"0\" y1=\"1356.8000488\" x2=\"2000\" y2=\"202.1000061\"><\/line>\n      <line class=\"st2\" x1=\"0\" y1=\"1299\" x2=\"2000\" y2=\"144.3000031\"><\/line>\n      <line class=\"st2\" x1=\"0\" y1=\"1241.3000488\" x2=\"2000\" y2=\"86.5999908\"><\/line>\n      <line class=\"st2\" x1=\"0\" y1=\"1183.5999756\" x2=\"2000\" y2=\"28.899992\"><\/line>\n      <line class=\"st2\" x1=\"0\" y1=\"1125.8000488\" x2=\"1950\" y2=\"-0.0000067\"><\/line>\n      <line class=\"st2\" x1=\"0\" y1=\"1068.0999756\" x2=\"1850\" y2=\"-0.0000067\"><\/line>\n      <line class=\"st2\" x1=\"0\" y1=\"1010.4000244\" x2=\"1750\" y2=\"-0.0000067\"><\/line>\n    <\/g>\n    <g class=\"st1\">\n      <line class=\"st3\" x1=\"0\" y1=\"1703.1999512\" x2=\"427.5\" y2=\"1950\"><\/line>\n      <line class=\"st3\" x1=\"0\" y1=\"1760.9000244\" x2=\"327.5\" y2=\"1950\"><\/line>\n      <line class=\"st3\" x1=\"0\" y1=\"1818.6999512\" x2=\"227.5\" y2=\"1950\"><\/line>\n      <line class=\"st3\" x1=\"0\" y1=\"1876.4000244\" x2=\"127.5\" y2=\"1950\"><\/line>\n      <line class=\"st3\" x1=\"0\" y1=\"1934.0999756\" x2=\"27.5\" y2=\"1950\"><\/line>\n      <line class=\"st3\" x1=\"0\" y1=\"1241.3000488\" x2=\"1227.5\" y2=\"1950\"><\/line>\n      <line class=\"st3\" x1=\"0\" y1=\"1299\" x2=\"1127.5\" y2=\"1950\"><\/line>\n      <line class=\"st3\" x1=\"0\" y1=\"1356.8000488\" x2=\"1027.5\" y2=\"1950\"><\/line>\n      <line class=\"st3\" x1=\"0\" y1=\"1414.5\" x2=\"927.5\" y2=\"1950\"><\/line>\n      <line class=\"st3\" x1=\"0\" y1=\"1472.1999512\" x2=\"827.5\" y2=\"1950\"><\/line>\n      <line class=\"st3\" x1=\"0\" y1=\"1530\" x2=\"727.5\" y2=\"1950\"><\/line>\n      <line class=\"st3\" x1=\"0\" y1=\"1587.6999512\" x2=\"627.5\" y2=\"1950\"><\/line>\n      <line class=\"st3\" x1=\"0\" y1=\"1645.5\" x2=\"527.5\" y2=\"1950\"><\/line>\n      <line class=\"st3\" x1=\"0\" y1=\"779.4000244\" x2=\"2000\" y2=\"1934.0999756\"><\/line>\n      <line class=\"st3\" x1=\"0\" y1=\"837.2000122\" x2=\"1927.5\" y2=\"1950\"><\/line>\n      <line class=\"st3\" x1=\"0\" y1=\"894.9000244\" x2=\"1827.5\" y2=\"1950\"><\/line>\n      <line class=\"st3\" x1=\"0\" y1=\"952.5999756\" x2=\"1727.5\" y2=\"1950\"><\/line>\n      <line class=\"st3\" x1=\"0\" y1=\"1010.4000244\" x2=\"1627.5\" y2=\"1950\"><\/line>\n      <line class=\"st3\" x1=\"0\" y1=\"1068.0999756\" x2=\"1527.5\" y2=\"1950\"><\/line>\n      <line class=\"st3\" x1=\"0\" y1=\"1125.8000488\" x2=\"1427.5\" y2=\"1950\"><\/line>\n      <line class=\"st3\" x1=\"0\" y1=\"1183.5999756\" x2=\"1327.5\" y2=\"1950\"><\/line>\n      <line class=\"st3\" x1=\"0\" y1=\"317.5\" x2=\"2000\" y2=\"1472.1999512\"><\/line>\n      <line class=\"st3\" x1=\"0\" y1=\"375.2999878\" x2=\"2000\" y2=\"1530\"><\/line>\n      <line class=\"st3\" x1=\"0\" y1=\"433\" x2=\"2000\" y2=\"1587.6999512\"><\/line>\n      <line class=\"st3\" x1=\"0\" y1=\"490.7999878\" x2=\"2000\" y2=\"1645.5\"><\/line>\n      <line class=\"st3\" x1=\"0\" y1=\"548.5\" x2=\"2000\" y2=\"1703.1999512\"><\/line>\n      <line class=\"st3\" x1=\"0\" y1=\"606.2000122\" x2=\"2000\" y2=\"1760.9000244\"><\/line>\n      <line class=\"st3\" x1=\"0\" y1=\"664\" x2=\"2000\" y2=\"1818.6999512\"><\/line>\n      <line class=\"st3\" x1=\"0\" y1=\"721.7000122\" x2=\"2000\" y2=\"1876.4000244\"><\/line>\n      <line class=\"st3\" x1=\"300\" y1=\"86.5999908\" x2=\"2000\" y2=\"1068.0999756\"><\/line>\n      <line class=\"st3\" x1=\"250\" y1=\"115.4999924\" x2=\"2000\" y2=\"1125.8000488\"><\/line>\n      <line class=\"st3\" x1=\"2000\" y1=\"1183.5999756\" x2=\"200\" y2=\"144.3000031\"><\/line>\n      <line class=\"st3\" x1=\"150\" y1=\"173.1999969\" x2=\"2000\" y2=\"1241.3000488\"><\/line>\n      <line class=\"st3\" x1=\"100\" y1=\"202.1000061\" x2=\"2000\" y2=\"1299\"><\/line>\n      <line class=\"st3\" x1=\"50\" y1=\"230.8999939\" x2=\"2000\" y2=\"1356.8000488\"><\/line>\n      <line class=\"st3\" x1=\"0\" y1=\"259.7999878\" x2=\"2000\" y2=\"1414.5\"><\/line>\n      <line class=\"st3\" x1=\"950\" y1=\"-0.0000067\" x2=\"2000\" y2=\"606.2000122\"><\/line>\n      <line class=\"st3\" x1=\"850\" y1=\"-0.0000067\" x2=\"2000\" y2=\"664\"><\/line>\n      <line class=\"st3\" x1=\"750\" y1=\"-0.0000067\" x2=\"2000\" y2=\"721.7000122\"><\/line>\n      <line class=\"st3\" x1=\"650\" y1=\"-0.0000067\" x2=\"2000\" y2=\"779.4000244\"><\/line>\n      <line class=\"st3\" x1=\"550\" y1=\"-0.0000067\" x2=\"2000\" y2=\"837.2000122\"><\/line>\n      <line class=\"st3\" x1=\"450\" y1=\"-0.0000067\" x2=\"2000\" y2=\"894.9000244\"><\/line>\n      <line class=\"st3\" x1=\"400\" y1=\"28.899992\" x2=\"2000\" y2=\"952.5999756\"><\/line>\n      <line class=\"st3\" x1=\"350\" y1=\"57.6999931\" x2=\"2000\" y2=\"1010.4000244\"><\/line>\n      <line class=\"st3\" x1=\"1750\" y1=\"-0.0000067\" x2=\"2000\" y2=\"144.3000031\"><\/line>\n      <line class=\"st3\" x1=\"1650\" y1=\"-0.0000067\" x2=\"2000\" y2=\"202.1000061\"><\/line>\n      <line class=\"st3\" x1=\"1550\" y1=\"-0.0000067\" x2=\"2000\" y2=\"259.7999878\"><\/line>\n      <line class=\"st3\" x1=\"1450\" y1=\"-0.0000067\" x2=\"2000\" y2=\"317.5\"><\/line>\n      <line class=\"st3\" x1=\"1350\" y1=\"-0.0000067\" x2=\"2000\" y2=\"375.2999878\"><\/line>\n      <line class=\"st3\" x1=\"1250\" y1=\"-0.0000067\" x2=\"2000\" y2=\"433\"><\/line>\n      <line class=\"st3\" x1=\"1150\" y1=\"-0.0000067\" x2=\"2000\" y2=\"490.7000122\"><\/line>\n      <line class=\"st3\" x1=\"1050\" y1=\"-0.0000067\" x2=\"2000\" y2=\"548.5\"><\/line>\n      <line class=\"st3\" x1=\"1850\" y1=\"-0.0000067\" x2=\"2000\" y2=\"86.5999908\"><\/line>\n      <line class=\"st3\" x1=\"1950\" y1=\"-0.0000067\" x2=\"2000\" y2=\"28.899992\"><\/line>\n    <\/g>\n  <\/svg>\n\n  <!-- Header \u2013\u00a0Video -->\n  <video class=\"header-video\" autoplay muted loop playsinline poster=\"https:\/\/preview.lifescience-factory.com\/wp-content\/themes\/lsf\/assets\/img\/video-poster-img.jpg\" aria-hidden=\"true\"><\/video>\n  <button class=\"btn-video-toggle\" type=\"button\" aria-label=\"Video pausieren\" data-label-pause=\"Video pausieren\" data-label-play=\"Video abspielen\">\n  <svg class=\"icon-pause\" xmlns=\"<http:\/\/www.w3.org\/2000\/svg>&#8220; viewBox=&#8220;0 0 24 24&#8243; width=&#8220;20&#8243; height=&#8220;20&#8243; fill=&#8220;currentColor&#8220; aria-hidden=&#8220;true&#8220; focusable=&#8220;false&#8220;>\n    <rect x=\"6\" y=\"4\" width=\"4\" height=\"16\"><\/rect><rect x=\"14\" y=\"4\" width=\"4\" height=\"16\"><\/rect>\n  <\/svg>\n  <svg class=\"icon-play\" xmlns=\"<http:\/\/www.w3.org\/2000\/svg>&#8220; viewBox=&#8220;0 0 24 24&#8243; width=&#8220;20&#8243; height=&#8220;20&#8243; fill=&#8220;currentColor&#8220; aria-hidden=&#8220;true&#8220; focusable=&#8220;false&#8220;>\n    <polygon points=\"6,4 20,12 6,20\"><\/polygon>\n  <\/svg>\n<\/button>\n  <div class=\"logo-gradient\"><\/div>\n  <div class=\"logo-wrapper\" data-aos=\"fade-down\" data-aos-duration=\"600\">\n    <a href=\"https:\/\/preview.lifescience-factory.com\/de\/\" class=\"logo\" aria-label=\"Life Science Factory - Startseite\"><\/a>\n  <\/div><!-- .logo-wrapper -->\n\n  <div class=\"nav-mobile-bg\"><\/div>\n<\/div><!-- .module-intro-background -->\n\n<div class=\"module-intro-wrapper\" id=\"content-start\">\n  <div class=\"module-intro\">\n\n    <!-- Badge -->\n    \n    \n\n    <div class=\"module-intro-text module-intro-title\">\n      <h1 class=\"intro-title\" data-aos=\"fade-up\">Einwilligung<\/h1>\n    <\/div><!-- .module-intro-text -->\n  <\/div><!-- .module-intro -->\n<\/div><!-- .module-intro-wrapper -->\n\n<div class=\"module-intro-content\">\n  <div class=\"module-intro-text\">\n    <div class=\"module-intro-text-inner text-p2\">\n\n      <h2>zum Erhalt von Marketinginformationen auf Basis Ihrer pers\u00f6nlichen Interessen<\/h2>\n      \n              \n          \n              \n    <\/div><!-- .module-intro-text-inner -->\n  <\/div><!-- .module-intro-text -->\n<\/div><!-- .module-intro-content -->\n\n\n\n<div class=\"section section-bg-white module-text padding-top-8 padding-bottom-12\">\n\n\n  \n\n      <div class=\"row halign-center\" data-aos=\"fade-up\">\n\n      <div class=\"col col-7 col-8-lg col-9-md col-12-sm\">\n        \n        <h3>Gegenstand der Einwilligung<\/h3>\n<p>Ich m\u00f6chte von der Life Science Factory Management GmbH, Otto-Brenner-Stra\u00dfe 20, 37079 G\u00f6ttingen (\u201cLSF\u201d) Marketinginformationen per E-Mail oder per Telefon auf der Grundlage meiner pers\u00f6nlichen Interessen an LSF Produkten und Dienstleistungen erhalten.<\/p>\n<p>Neben der ggf. bestehenden M\u00f6glichkeit meine Interessen an bestimmten Produkten und Dienstleistungen ausdr\u00fccklich anzugeben (z.B. \u00fcber ein Formular), ermittelt LSF meine pers\u00f6nlichen Interessen, indem mit Hilfe von Cookies Informationen \u00fcber meine Besuche auf LSF-Webseiten, wie z.B. abgerufene Artikel, heruntergeladene Dokumente, Datum und Zeitpunkt des Abrufs (\u201eNutzungsdaten\u201c) in einem pers\u00f6nlichen Profil gespeichert werden. In diesem Profil werden weiterhin Informationen dar\u00fcber gespeichert, ob und wann ich Marketing-E-Mails von LSF ge\u00f6ffnet habe; diese Informationen erh\u00e4lt LSF durch den Abruf kleiner, in die E-Mails eingebetteter Bilder (sog. Web-Beacons).<\/p>\n<p>Dem Profil werden au\u00dferdem die folgenden Informationen hinzugef\u00fcgt, die ich selbst auf der LSF-Webseite angegeben habe oder die ggf. in LSF Customer Relationship Management-Systemen hinterlegt sind:<\/p>\n<ul>\n<li>pers\u00f6nliche Kontaktdaten (z.B. Name, Anrede, Firma, Rolle\/Funktion, Land, Telefonnummer)<\/li>\n<li>Informationen \u00fcber das Unternehmen, bei dem ich besch\u00e4ftigt bin (z.B. Adresse, Branche und ggf. weitere \u00f6ffentlich zug\u00e4ngliche Informationen).<\/li>\n<\/ul>\n<p>Die im vorangehenden Absatz beschriebenen Daten werden von LSF verwendet, um mir per E-Mail Marketinginformationen (z.B. Newsletter, Eventeinladungen) zu den f\u00fcr mich interessanten Produkten und Dienstleistung zuzusenden oder mich entsprechend telefonisch zu informieren. Dar\u00fcber hinaus werden diese Daten ggf. von LSF-Vertriebsmitarbeitern genutzt, um mir Angebote unterbreiten und mich bzw. mein Unternehmen optimal betreuen zu k\u00f6nnen.<\/p>\n<p>Meine Daten werden aus dem Marketing Automation System der LSF gel\u00f6scht, wenn sie nicht mehr f\u00fcr Marketingzwecke ben\u00f6tigt werden oder ich meine Einwilligung widerrufen habe.<\/p>\n<p>&nbsp;<\/p>\n<h3>Datenweitergabe<\/h3>\n<p>LSF darf meine Daten f\u00fcr die oben aufgef\u00fchrten Zwecke an verbundene Unternehmen des <a href=\"https:\/\/www.sartorius.com\/en\/sartorius-companies\" target=\"_blank\" rel=\"noopener\">Sartorius Konzerns<\/a> weitergeben.<\/p>\n<p>Des Weiteren hat der Betreiber der von LSF eingesetzten Marketing Automation-Plattform technisch die M\u00f6glichkeit, auf meine Daten zuzugreifen.<\/p>\n<p>&nbsp;<\/p>\n<h3>Widerruf und weitere Informationen<\/h3>\n<p>Ich habe das Recht, diese Einwilligung jederzeit mit Wirkung f\u00fcr die Zukunft \u00fcber einen in der jeweiligen E-Mail enthaltenen Link oder \u00fcber ein E-Mail an <a href=\"mailto:unsubscribe@lifescience-factory.com\">unsubscribe@lifescience-factory.com<\/a> zu widerrufen.<\/p>\n<p>Der Widerruf hat zur Folge, dass ich k\u00fcnftig keine weiteren Marketinginformationen von LSF auf Basis dieser Einwilligung mehr erhalte.<\/p>\n<p>Weitere Informationen in Bezug auf die Verarbeitung meiner Daten enth\u00e4lt die <a href=\"http:\/\/lifescience-factory.com\/dev\/wp\/de\/datenschutz\/\">Datenschutzerkl\u00e4rung<\/a>.<\/p>\n\n\n        \n\n                  \n            \n                  \n      <\/div><!-- .col -->\n\n    <\/div><!-- .row -->\n  \n<\/div><!-- .module-text -->","protected":false},"excerpt":{"rendered":"","protected":false},"author":1,"featured_media":0,"parent":0,"menu_order":50,"comment_status":"closed","ping_status":"closed","template":"","meta":{"_acf_changed":false,"footnotes":""},"class_list":["post-1849","page","type-page","status-publish","hentry"],"acf":[],"_links":{"self":[{"href":"https:\/\/preview.lifescience-factory.com\/de\/wp-json\/wp\/v2\/pages\/1849","targetHints":{"allow":["GET"]}}],"collection":[{"href":"https:\/\/preview.lifescience-factory.com\/de\/wp-json\/wp\/v2\/pages"}],"about":[{"href":"https:\/\/preview.lifescience-factory.com\/de\/wp-json\/wp\/v2\/types\/page"}],"author":[{"embeddable":true,"href":"https:\/\/preview.lifescience-factory.com\/de\/wp-json\/wp\/v2\/users\/1"}],"replies":[{"embeddable":true,"href":"https:\/\/preview.lifescience-factory.com\/de\/wp-json\/wp\/v2\/comments?post=1849"}],"version-history":[{"count":14,"href":"https:\/\/preview.lifescience-factory.com\/de\/wp-json\/wp\/v2\/pages\/1849\/revisions"}],"predecessor-version":[{"id":1866,"href":"https:\/\/preview.lifescience-factory.com\/de\/wp-json\/wp\/v2\/pages\/1849\/revisions\/1866"}],"wp:attachment":[{"href":"https:\/\/preview.lifescience-factory.com\/de\/wp-json\/wp\/v2\/media?parent=1849"}],"curies":[{"name":"wp","href":"https:\/\/api.w.org\/{rel}","templated":true}]}}