{"id":2176,"date":"2019-12-03T20:29:23","date_gmt":"2019-12-03T19:29:23","guid":{"rendered":"https:\/\/preview.lifescience-factory.com\/?page_id=2176"},"modified":"2025-02-19T09:56:04","modified_gmt":"2025-02-19T08:56:04","slug":"lifescience-startupday","status":"publish","type":"page","link":"https:\/\/preview.lifescience-factory.com\/de\/lifescience-startupday\/","title":{"rendered":"Life Science Start-Up Day"},"content":{"rendered":"\n  <header class=\"module-lssud lssud-header\" style=\"background-image: url('https:\/\/preview.lifescience-factory.com\/wp-content\/uploads\/2021\/10\/header-bg-02.png'), url('https:\/\/preview.lifescience-factory.com\/wp-content\/uploads\/2023\/10\/2023.04.25-Life-Science-Factory-Start-up-Day-659-1600x1066.jpg')\">\n\n      <img decoding=\"async\" src=\"https:\/\/preview.lifescience-factory.com\/wp-content\/uploads\/2021\/10\/lifescience-startupday-logo.svg\" class=\"lssud-logo\" alt=\"lifescience-startupday-logo\"\/>\n      \n  \n    \n<\/header>\n\n\n\n<div class=\"section section-bg-white module-lssud module-lssud-intro padding-top-8 padding-bottom-8\" id=\"content-start\">\n\n  <div class=\"row halign-center\" data-aos=\"fade-up\">\n\n    <div class=\"col col-7 col-9-md col-10-sm col-12-xs talign-center\">\n\n          <h1>\n        6. Life Science Start-up Day      <\/h1>\n    \n          <h2 class=\"date\">Donnerstag, den 20. Februar 2025<\/h2>\n    \n    <\/div><!-- .col -->\n\n    <div class=\"col col-7 col-9-md col-10-sm col-12-xs talign-center talign-left-xxs\">\n\n      <p>Niedersachsens unverzichtbares Event f\u00fcr Gr\u00fcnder*innen, Gr\u00fcndungsinteressierte, Wissenschaftler*innen, Investoren und Netzwerkpartner: Am 20. Februar 2025 \u00f6ffnet der Life Science Start-up Day zum sechsten Mal seine Pforten und stellt erneut Unternehmertum, Innovation und Networking im Bereich der Lebenswissenschaften in den Mittelpunkt.<\/p>\n<p><span data-teams=\"true\"><span class=\"ui-provider a b c d e f g h i j k l m n o p q r s t u v w x y z ab ac ae af ag ah ai aj ak\" dir=\"ltr\">Die Organisatoren <a href=\"https:\/\/startup.nds.de\/\">Niedersachsen.next Startup<\/a> &amp; <a href=\"https:\/\/bioregion.nds.de\/\">BioRegioN<\/a>, <a href=\"https:\/\/preview.lifescience-factory.com\/\">Life Science Factory<\/a>, <a href=\"https:\/\/www.sartorius.com\/\">Sartorius<\/a> und <a href=\"https:\/\/www.kws.com\/de\/de\/\">KWS<\/a> laden die gesamte Life Science Community herzlich zum kommenden Life Science Start-up Day ein.<\/span><\/span><span data-offset-key=\"12fdi-8-1\"><br \/>\n<\/span><span data-teams=\"true\"><span class=\"ui-provider a b c d e f g h i j k l m n o p q r s t u v w x y z ab ac ae af ag ah ai aj ak\" dir=\"ltr\">Freue Dich auf ein abwechslungsreiches und informatives Programm: Erlebe inspirierende Keynotes von f\u00fchrenden Experten, vertiefende B\u00fchnen-Sessions zu den aktuellsten Themen im Life Science Sektor und spannende Start-up Pitches, die die Zukunft der Branche gestalten. Nutze die Gelegenheit, wertvolle Kontakte zu kn\u00fcpfen, Dein Netzwerk zu erweitern und Dich auszutauschen. Melde Dich f\u00fcr den Life Science Start-up Day an und begr\u00fc\u00dfe mit uns Innovationen und Unternehmergeist in den Lebenswissenschaften!<\/span><\/span><\/p>\n<p>&nbsp;<\/p>\n<p>&nbsp;<\/p>\n\n      \n              \n          \n              \n    <\/div><!-- .col -->\n\n  <\/div><!-- .row -->\n\n<\/div><!-- .module-lssud-intro -->\n\n\n\n\n<div class=\"section section-bg-pink module-teaser-news padding-top-0 padding-bottom-0\">\n  <div class=\"section-inner section-inner--full padding-top-6 padding-bottom-6\">\n\n    <div class=\"row halign-center\" data-aos=\"fade-up\">\n\n      <div class=\"col col-12\" style=\"\">\n\n        <div class=\"item item-title margin-bottom-1\">\n                      <h2 class=\"text-h1 text-lowercase\">Die Registrierung f\u00fcr dieses Jahr ist nun geschlossen.<\/h2>\n                  <\/div><!-- .item -->\n\n        <div class=\"item item-text margin-bottom-1\">\n                      <p>Wir freuen uns darauf, alle Teilnehmer*innen willkommen zu hei\u00dfen.<\/p>\n                  <\/div><!-- .item -->\n\n        <div class=\"item item-btn margin-top-2-xxs\">\n                      <a class=\"btn btn-secondary\" title=\"Alle News\" href=\"https:\/\/innomatch.nds.de\/events\/default\/life-science-start-up-day\/AyxZnj6xDj\" title=\"Weitere Infos\"><span class=\"btn-hover\"><\/span><span class=\"btn-text\">Weitere Infos<\/span><\/a>\n                  <\/div><!-- .item -->\n\n      <\/div><!-- .col -->\n\n    <\/div><!-- .row -->\n\n  <\/div><!-- .section-inner -->\n<\/div><!-- .section -->\n\n\n\n\n\n\n<div class=\"section section-bg-white module-lssud module-swiper triangle triangle-top triangle-top-right padding-top-0 padding-bottom-0\">\n\n  <div class=\"swiper-container swiper-container-default\">   \n  \n    <div class=\"swiper-wrapper\">\n\n                      \n          <div class=\"swiper-slide swiper-lazy\" data-background=\"https:\/\/preview.lifescience-factory.com\/wp-content\/uploads\/2023\/10\/2023.04.25-Life-Science-Factory-Start-up-Day-598-1600x1066.jpg\" data-caption=\"\"><\/div>\n        \n                \n          <div class=\"swiper-slide swiper-lazy\" data-background=\"https:\/\/preview.lifescience-factory.com\/wp-content\/uploads\/2023\/10\/2023.04.25-Life-Science-Factory-Start-up-Day-111-1600x1066.jpg\" data-caption=\"\"><\/div>\n        \n                \n          <div class=\"swiper-slide swiper-lazy\" data-background=\"https:\/\/preview.lifescience-factory.com\/wp-content\/uploads\/2024\/08\/2024.02.22-Life-Science-Factory-Start-up-Day-564-1600x1066.jpg\" data-caption=\"\"><\/div>\n        \n                \n          <div class=\"swiper-slide swiper-lazy\" data-background=\"https:\/\/preview.lifescience-factory.com\/wp-content\/uploads\/2024\/08\/2024.02.22-Life-Science-Factory-Start-up-Day-627-1600x1066.jpg\" data-caption=\"\"><\/div>\n        \n                \n          <div class=\"swiper-slide swiper-lazy\" data-background=\"https:\/\/preview.lifescience-factory.com\/wp-content\/uploads\/2024\/08\/2024.02.22-Life-Science-Factory-Start-up-Day-432-1600x1066.jpg\" data-caption=\"\"><\/div>\n        \n                \n          <div class=\"swiper-slide swiper-lazy\" data-background=\"https:\/\/preview.lifescience-factory.com\/wp-content\/uploads\/2023\/10\/2023.04.25-Life-Science-Factory-Start-up-Day-346-1600x1066.jpg\" data-caption=\"\"><\/div>\n        \n                \n          <div class=\"swiper-slide swiper-lazy\" data-background=\"https:\/\/preview.lifescience-factory.com\/wp-content\/uploads\/2023\/10\/2023.04.25-Life-Science-Factory-Start-up-Day-78-1600x1066.jpg\" data-caption=\"\"><\/div>\n        \n                \n          <div class=\"swiper-slide swiper-lazy\" data-background=\"https:\/\/preview.lifescience-factory.com\/wp-content\/uploads\/2023\/10\/2023.04.25-Life-Science-Factory-Start-up-Day-193-1600x1066.jpg\" data-caption=\"\"><\/div>\n        \n                \n          <div class=\"swiper-slide swiper-lazy\" data-background=\"https:\/\/preview.lifescience-factory.com\/wp-content\/uploads\/2023\/10\/2023.04.25-Life-Science-Factory-Start-up-Day-354-1600x1066.jpg\" data-caption=\"\"><\/div>\n        \n                \n          <div class=\"swiper-slide swiper-lazy\" data-background=\"https:\/\/preview.lifescience-factory.com\/wp-content\/uploads\/2023\/10\/2023.04.25-Life-Science-Factory-Start-up-Day-378-1600x1066.jpg\" data-caption=\"\"><\/div>\n        \n                \n          <div class=\"swiper-slide swiper-lazy\" data-background=\"https:\/\/preview.lifescience-factory.com\/wp-content\/uploads\/2024\/08\/2024.02.22-Life-Science-Factory-Start-up-Day-84-1600x1066.jpg\" data-caption=\"\"><\/div>\n        \n                \n          <div class=\"swiper-slide swiper-lazy\" data-background=\"https:\/\/preview.lifescience-factory.com\/wp-content\/uploads\/2024\/08\/2024.02.22-Life-Science-Factory-Start-up-Day-177-1600x1066.jpg\" data-caption=\"\"><\/div>\n        \n              \n    <\/div>\n  \n    <div class=\"swiper-button-next\"><\/div>\n    <div class=\"swiper-button-prev\"><\/div>\n\n  <\/div>\n\n<\/div>\n\n\n\n<div class=\"section section-bg-white module-lssud module-schedule padding-top-8 padding-bottom-8\">\n\n   \n\n    <div class=\"row halign-center\" data-aos=\"fade-up\">\n      <div class=\"col col-7 col-9-md col-11-sm col-12-xs\">\n        <h2 class=\"text-h1 margin-bottom-4 margin-bottom-3-xs margin-bottom-2-xxs talign-center\">Programm 2025<\/h2>\n      <\/div><!-- .col -->\n    <\/div><!-- .row -->\n\n  \n\n  <div class=\"row halign-center\">\n\n    <div class=\"col col-7 col-schedule col-9-lg col-11-md col-12-sm\" data-aos=\"fade-up\">\n\n      <table>\n          \n                  \n           <tr>\n              <th class=\"program-detail-time schedule-time\"><div class=\"text-h3\">\n                10:45 \u2013 \n                11:00                Uhr<\/div><\/th>\n              <td>\n                <h3 class=\"text-h3\">Einlass<\/h3>\n                              <\/td>\n            <\/tr>\n\n          \n           <tr>\n              <th class=\"program-detail-time schedule-time\"><div class=\"text-h3\">\n                11:00 \u2013 \n                11:10                Uhr<\/div><\/th>\n              <td>\n                <h3 class=\"text-h3\">Er\u00f6ffnung<\/h3>\n                Zukunft gestalten: Politische Impulse von Olaf Lies zur Er\u00f6ffnung des 6. Life Science Start-up Day\r\nOlaf Lies, Nieders\u00e4chsischer Minister f\u00fcr Wirtschaft, Verkehr, Bauen und Digitalisierung              <\/td>\n            <\/tr>\n\n          \n           <tr>\n              <th class=\"program-detail-time schedule-time\"><div class=\"text-h3\">\n                11:10 \u2013 \n                11:25                Uhr<\/div><\/th>\n              <td>\n                <h3 class=\"text-h3\">GOe FUTURE<\/h3>\n                Ein Leuchtturm f\u00fcr die Life Science Gr\u00fcndungen in Niedersachsen              <\/td>\n            <\/tr>\n\n          \n           <tr>\n              <th class=\"program-detail-time schedule-time\"><div class=\"text-h3\">\n                11:25 \u2013 \n                11:45                Uhr<\/div><\/th>\n              <td>\n                <h3 class=\"text-h3\">Erfolgreiche Start-up Journey<\/h3>\n                Insider-Tipps f\u00fcr Gr\u00fcndung, Team und Finanzierung:\r\n\r\n\r\nEllen Goel &#8211; August-Wilhelm Scheer Institut,\r\n\r\nDr. Tim Zinowsky &#8211; Flick Gocke Schaumburg,\r\n\r\nDr. Lennart Wei\u00df &#8211; Kleos GmbH,\r\n\r\nDr. Martha Smets &#8211; Life Science Valley Wachstumsfonds              <\/td>\n            <\/tr>\n\n          \n           <tr>\n              <th class=\"program-detail-time schedule-time\"><div class=\"text-h3\">\n                11:45 \u2013 \n                12:15                Uhr<\/div><\/th>\n              <td>\n                <h3 class=\"text-h3\">Start-up Pitches<\/h3>\n                Start-up Pitches inkl. Fragen aus dem Publikum:\r\n\r\nInhale+,\r\n\r\n \r\n\r\nRevOFib,\r\n\r\n \r\n\r\nRectify,\r\n\r\n \r\n\r\nLumeox,\r\n\r\n \r\n\r\nELPIS Simulation,\r\n\r\n \r\n\r\nMable AI              <\/td>\n            <\/tr>\n\n          \n           <tr>\n              <th class=\"program-detail-time schedule-time\"><div class=\"text-h3\">\n                12:15 \u2013 \n                14:00                Uhr<\/div><\/th>\n              <td>\n                <h3 class=\"text-h3\">Mittagspause<\/h3>\n                Networking, Lunch, 1-on-1 Meetings              <\/td>\n            <\/tr>\n\n          \n           <tr>\n              <th class=\"program-detail-time schedule-time\"><div class=\"text-h3\">\n                14:00 \u2013 \n                14:20                Uhr<\/div><\/th>\n              <td>\n                <h3 class=\"text-h3\">Synergien im Life Science Sektor<\/h3>\n                Erfolgsmodelle f\u00fcr Industriepartnerschaften:\r\n \r\nCarlos G\u00fcntner &#8211; KWS Saat,\r\n\r\nDr. Philipp Rittershaus &#8211; Rootcamp,\r\n\r\nAnna Hartmann &#8211; Niedersachsen.next,\r\n\r\nAlica Lammerskitten &#8211; L&amp;P FoodTec GmbH (Frudist), \r\n\r\nAnn-Christin Elsner &#8211; AgDoIT GmbH              <\/td>\n            <\/tr>\n\n          \n           <tr>\n              <th class=\"program-detail-time schedule-time\"><div class=\"text-h3\">\n                14:20 \u2013 \n                14:50                Uhr<\/div><\/th>\n              <td>\n                <h3 class=\"text-h3\">Keynote<\/h3>\n                Von der Vision zum Unicorn: Erfolgsstrategien in der Life Science Finanzierung\r\n\r\nProf. Dr. Dr. Thomas Thum, Serial Entrepreneur              <\/td>\n            <\/tr>\n\n          \n           <tr>\n              <th class=\"program-detail-time schedule-time\"><div class=\"text-h3\">\n                14:50 \u2013 \n                15:00                Uhr<\/div><\/th>\n              <td>\n                <h3 class=\"text-h3\">Kaffeepause<\/h3>\n                              <\/td>\n            <\/tr>\n\n          \n           <tr>\n              <th class=\"program-detail-time schedule-time\"><div class=\"text-h3\">\n                15:00 \u2013 \n                18:00                Uhr<\/div><\/th>\n              <td>\n                <h3 class=\"text-h3\">Break-out Rooms &amp; Netwoking<\/h3>\n                Connect &amp; Learn: Meet the Coaches\r\n und \r\nConnect &amp; Collaborate: Meet the Enablers              <\/td>\n            <\/tr>\n\n                  \n      <\/table>\n\n    <\/div>\n\n  <\/div>\n\n<\/div>\n\n\n\n<div class=\"section section-bg-white module-lssud module-corporation padding-top-4 padding-bottom-8\">\n\n      <div class=\"row halign-center\" data-aos=\"fade-up\">\n\n      <div class=\"col col-12 talign-center margin-bottom-4\">\n        <h2 class=\"text-h1\">Kooperations\u00adpartner<\/h2>\n      <\/div><!-- .col -->\n\n    <\/div><!-- .row -->\n  \n  <div class=\"row halign-center\" data-aos=\"fade-up\">\n  \n        \n      <div class=\"col col-2 talign-center col-3-sm col-6-xxs margin-top-5-xxs\">\n        <a href=\"https:\/\/www.bioregion.de\/\" target=\"_blank\">\n          <img decoding=\"async\" loading=\"lazy\" src=\"https:\/\/preview.lifescience-factory.com\/wp-content\/uploads\/2024\/09\/NDS_next_BioRegioN_Logo_RGB-1000x277.jpg\" class=\"logo\" alt=\"NDS_next_BioRegioN_Logo_RGB\"\/>\n        <\/a>\n      <\/div><!-- .col -->\n    \n        \n      <div class=\"col col-2 talign-center col-3-sm col-6-xxs margin-top-5-xxs\">\n        <a href=\"https:\/\/preview.lifescience-factory.com\/de\/\" target=\"_blank\">\n          <img decoding=\"async\" loading=\"lazy\" src=\"https:\/\/preview.lifescience-factory.com\/wp-content\/uploads\/2021\/10\/lsf_logo_quer_magenta_rgb-1000x358.png\" class=\"logo\" alt=\"lsf_logo_quer_magenta_rgb\"\/>\n        <\/a>\n      <\/div><!-- .col -->\n    \n        \n      <div class=\"col col-2 talign-center col-3-sm col-6-xxs margin-top-5-xxs\">\n        <a href=\"https:\/\/startup.nds.de\/\" target=\"_blank\">\n          <img decoding=\"async\" loading=\"lazy\" src=\"https:\/\/preview.lifescience-factory.com\/wp-content\/uploads\/2024\/09\/NDS_Logo_Startup_RGB_zoom-1-1000x300.png\" class=\"logo\" alt=\"NDS_Logo_Startup_RGB_zoom\"\/>\n        <\/a>\n      <\/div><!-- .col -->\n    \n        \n      <div class=\"col col-2 talign-center col-3-sm col-6-xxs margin-top-5-xxs\">\n        <a href=\"https:\/\/www.sartorius.com\/en\/company-de\" target=\"_blank\">\n          <img decoding=\"async\" loading=\"lazy\" src=\"https:\/\/preview.lifescience-factory.com\/wp-content\/uploads\/2021\/10\/Sartorius.png\" class=\"logo\" alt=\"Sartorius\"\/>\n        <\/a>\n      <\/div><!-- .col -->\n    \n        \n      <div class=\"col col-2 talign-center col-3-sm col-6-xxs margin-top-5-xxs\">\n        <a href=\"https:\/\/www.kws.com\/de\/de\/\" target=\"_blank\">\n          <img decoding=\"async\" loading=\"lazy\" src=\"https:\/\/preview.lifescience-factory.com\/wp-content\/uploads\/2024\/09\/KWS_Logo_Slogan_RGB_DE_shadow_0_large-1.jpg\" class=\"logo\" alt=\"KWS_Logo_Slogan_RGB_DE_shadow_0_large (1)\"\/>\n        <\/a>\n      <\/div><!-- .col -->\n    \n    \n  <\/div>\n\n\n<\/div>\n\n\n\n<div class=\"section section-bg-dark-blue module-lssud module-contact padding-top-8 padding-bottom-8\">\n\n   \n    <div class=\"row halign-center\" data-aos=\"fade-up\">\n\n      <div class=\"col col-12 talign-center margin-bottom-3\">\n        <h2 class=\"text-h1\">Kontakt<\/h2>\n      <\/div><!-- .col -->\n\n    <\/div><!-- .row -->\n  \n\n  <div class=\"row halign-center\" data-aos=\"fade-up\">\n\n    <div class=\"col col-3 col-4-lg col-5-md col-6-sm col-8-xs col-10-xxs\">\n            <img decoding=\"async\" loading=\"lazy\" src=\"https:\/\/preview.lifescience-factory.com\/wp-content\/uploads\/2022\/12\/2022.11.15-Life-Science-Factory-Portraitaufnamen-9440-Max-Zinowsky_ins-1000x1000.jpg\" class=\"logo\" alt=\"2022.11.15 Life Science Factory - Portraitaufnamen 9440 Max Zinowsky_ins\"\/>\n    <\/div><!-- .col -->\n\n    <div class=\"col col-3 col-4-lg col-5-md col-6-sm col-8-xs margin-top-2-xs col-10-xxs\">\n      <p>\n        <strong>Max Zinowsky<\/strong><br \/>\n        Community Coordinator      <\/p>\n      <p>\n        <a href=\"mailto:max.zinowsky@lifescience-factory.com\" title=\"E-Mail an Max Zinowsky\">max.zinowsky@lifescience-factory.com<\/a><br \/>\n        <a href=\"tel:+4915158078798\" title=\"Max Zinowsky anrufen\">+4915158078798<\/a>\n      <\/p>\n\n      <p class=\"is-visible-md\">\n                <strong>Adresse<\/strong><br \/>\n        Life Science Factory<br \/>\n        Annastra\u00dfe 27<br \/>\n        37075 G\u00f6ttingen      <\/p>\n\n    <\/div><!-- .col -->\n\n    <div class=\"col col-3 col-4-lg is-hidden-md\">\n      <p>\n        <strong>Adresse<\/strong><br \/>\n        Life Science Factory<br \/>\n        Annastra\u00dfe 27<br \/>\n        37075 G\u00f6ttingen      <\/p>\n    <\/div><!-- .col -->\n\n  <\/div><!-- .row -->\n\n<\/div>\n\n\n\n<div class=\"section section-bg-dark-blue module-lssud module-contact padding-top-2 padding-bottom-6\">\n\n  \n\n  <div class=\"row halign-center\" data-aos=\"fade-up\">\n\n    <div class=\"col col-3 col-4-lg col-5-md col-6-sm col-8-xs col-10-xxs\">\n            <img decoding=\"async\" loading=\"lazy\" src=\"https:\/\/preview.lifescience-factory.com\/wp-content\/uploads\/2023\/11\/Lena_klein-1-1000x1000.jpg\" class=\"logo\" alt=\"Lena_klein 1zu1\"\/>\n    <\/div><!-- .col -->\n\n    <div class=\"col col-3 col-4-lg col-5-md col-6-sm col-8-xs margin-top-2-xs col-10-xxs\">\n      <p>\n        <strong>Dr. Lena Oesterlin-Meret<\/strong><br \/>\n        niedersachsen.next startup      <\/p>\n      <p>\n        <a href=\"mailto:l.oesterlin-meret@nds.de\" title=\"E-Mail an Dr. Lena Oesterlin-Meret\">l.oesterlin-meret@nds.de<\/a><br \/>\n        <a href=\"tel:+49162 2022034\" title=\"Dr. Lena Oesterlin-Meret anrufen\">+49162 2022034<\/a>\n      <\/p>\n\n      <p class=\"is-visible-md\">\n                <strong>Adresse<\/strong><br \/>\n        Niedersachsen.next GmbH<br \/>\n        Schiffsgraben 22-28<br \/>\n        30159 Hannover      <\/p>\n\n    <\/div><!-- .col -->\n\n    <div class=\"col col-3 col-4-lg is-hidden-md\">\n      <p>\n        <strong>Adresse<\/strong><br \/>\n        Niedersachsen.next GmbH<br \/>\n        Schiffsgraben 22-28<br \/>\n        30159 Hannover      <\/p>\n    <\/div><!-- .col -->\n\n  <\/div><!-- .row -->\n\n<\/div>","protected":false},"excerpt":{"rendered":"","protected":false},"author":1,"featured_media":0,"parent":0,"menu_order":51,"comment_status":"closed","ping_status":"closed","template":"page-lifescience-startupday-blocks.php","meta":{"_acf_changed":false,"footnotes":""},"class_list":["post-2176","page","type-page","status-publish","hentry"],"acf":[],"_links":{"self":[{"href":"https:\/\/preview.lifescience-factory.com\/de\/wp-json\/wp\/v2\/pages\/2176","targetHints":{"allow":["GET"]}}],"collection":[{"href":"https:\/\/preview.lifescience-factory.com\/de\/wp-json\/wp\/v2\/pages"}],"about":[{"href":"https:\/\/preview.lifescience-factory.com\/de\/wp-json\/wp\/v2\/types\/page"}],"author":[{"embeddable":true,"href":"https:\/\/preview.lifescience-factory.com\/de\/wp-json\/wp\/v2\/users\/1"}],"replies":[{"embeddable":true,"href":"https:\/\/preview.lifescience-factory.com\/de\/wp-json\/wp\/v2\/comments?post=2176"}],"version-history":[{"count":609,"href":"https:\/\/preview.lifescience-factory.com\/de\/wp-json\/wp\/v2\/pages\/2176\/revisions"}],"predecessor-version":[{"id":53945,"href":"https:\/\/preview.lifescience-factory.com\/de\/wp-json\/wp\/v2\/pages\/2176\/revisions\/53945"}],"wp:attachment":[{"href":"https:\/\/preview.lifescience-factory.com\/de\/wp-json\/wp\/v2\/media?parent=2176"}],"curies":[{"name":"wp","href":"https:\/\/api.w.org\/{rel}","templated":true}]}}